{"id":2,"date":"2024-12-28T16:03:35","date_gmt":"2024-12-28T16:03:35","guid":{"rendered":"http:\/\/opencistern.com\/?page_id=2"},"modified":"2025-01-02T14:54:12","modified_gmt":"2025-01-02T14:54:12","slug":"home","status":"publish","type":"page","link":"https:\/\/opencistern.com\/de\/","title":{"rendered":"\u00dcberwache den Wasserstand in Deiner Zisterne"},"content":{"rendered":"<p class=\"is-style-default\" style=\"margin-top:0;margin-right:0;margin-bottom:0;margin-left:0\">Hast Du eine Zisterne die an ein Hauswasserwerk angeschlossen ist oder f\u00fcr die Gartenbew\u00e4sserung genutzt wird? Dann interessierst Du dich wahrscheinlich auch f\u00fcr den Wasserstand, ohne jedes Mal den schweren Deckel der Zisterne anheben zu m\u00fcssen.<br><\/p>\n\n\n\n<h2 class=\"wp-block-heading\">Hier ist die L\u00f6sung<\/h2>\n\n\n\n<p class=\"is-style-default\">OpenCistern misst den F\u00fcllstand Deiner Zisterne mit Hilfe eines ESP8266-kompatiblen Mikrocontrollers wie NodeMCU oder Wemos D1 mit verschiedenen  Abstandssensoren (Ultraschall, ToF). <\/p>\n\n\n\n<div class=\"wp-block-columns is-layout-flex wp-container-core-columns-is-layout-28f84493 wp-block-columns-is-layout-flex\">\n<div class=\"wp-block-column is-layout-flow wp-block-column-is-layout-flow\">\n<figure class=\"wp-block-image aligncenter size-full\"><img loading=\"lazy\" decoding=\"async\" width=\"700\" height=\"525\" src=\"http:\/\/opencistern.com\/wp-content\/uploads\/2025\/01\/nodemcu-1.png\" alt=\"\" class=\"wp-image-151\" srcset=\"https:\/\/opencistern.com\/wp-content\/uploads\/2025\/01\/nodemcu-1.png 700w, https:\/\/opencistern.com\/wp-content\/uploads\/2025\/01\/nodemcu-1-300x225.png 300w\" sizes=\"auto, (max-width: 700px) 100vw, 700px\" \/><\/figure>\n<\/div>\n\n\n\n<div class=\"wp-block-column is-vertically-aligned-center is-layout-flow wp-block-column-is-layout-flow\">\n<figure class=\"wp-block-image aligncenter size-medium is-resized\"><img loading=\"lazy\" decoding=\"async\" width=\"300\" height=\"207\" src=\"http:\/\/opencistern.com\/wp-content\/uploads\/2025\/01\/hcsr04-300x207.png\" alt=\"\" class=\"wp-image-152\" style=\"width:200px\" srcset=\"https:\/\/opencistern.com\/wp-content\/uploads\/2025\/01\/hcsr04-300x207.png 300w, https:\/\/opencistern.com\/wp-content\/uploads\/2025\/01\/hcsr04-768x529.png 768w, https:\/\/opencistern.com\/wp-content\/uploads\/2025\/01\/hcsr04.png 998w\" sizes=\"auto, (max-width: 300px) 100vw, 300px\" \/><\/figure>\n<\/div>\n<\/div>\n\n\n\n<p class=\"is-style-default\">Es kann zwischen verschiedener Zisternenformen (Zylinder, quadratisch, liegend, stehend) mit Berechnung des Volumens ausgew\u00e4hlt werden. Die Messwerte werden auf einer eigenen Webseite ausgegeben (keine Homeautomation-Zentrale erforderlich), die Daten k\u00f6nnen per MQTT an einen eigenen MQTT-Broker, per HTTP an eine eigene Schnittstelle oder per JSON abgerufen werden. Zus\u00e4tzlich ist es m\u00f6glich, die Daten auf www.bubux.de aufbereiten zu lassen.<\/p>\n\n\n\n<h2 class=\"wp-block-heading\">Unterst\u00fctzte Mikrocontroller (mindestens)<\/h2>\n\n\n\n<ul class=\"wp-block-list\">\n<li>NodeMCU<\/li>\n\n\n\n<li>Wemos D1 Mini<\/li>\n<\/ul>\n\n\n\n<h2 class=\"wp-block-heading\">Unterst\u00fctzte Abstandssensoren<\/h2>\n\n\n\n<ul class=\"wp-block-list\">\n<li>HC-SR04<\/li>\n\n\n\n<li>VL53L0X<\/li>\n\n\n\n<li>VL53L1X<\/li>\n<\/ul>\n\n\n\n<h2 class=\"wp-block-heading\">Unterst\u00fctzte Temperatur- und Luftfeuchtesensoren<\/h2>\n\n\n\n<ul class=\"wp-block-list\">\n<li>DHT22-Sensor<\/li>\n<\/ul>\n\n\n\n<h2 class=\"wp-block-heading\">Unterst\u00fctzte Displays<\/h2>\n\n\n\n<ul class=\"wp-block-list\">\n<li>LCD &#8216;1602&#8217;<\/li>\n\n\n\n<li>LCD &#8216;1604, 2004&#8217;<\/li>\n\n\n\n<li>OLED &#8216;SSD 1106, 1306&#8217;<\/li>\n<\/ul>\n\n\n\n<div style=\"height:71px\" aria-hidden=\"true\" class=\"wp-block-spacer\"><\/div>\n\n\n\n<p class=\"is-style-text-annotation has-base-color has-accent-3-background-color has-text-color has-background has-link-color has-xx-large-font-size wp-elements-2e32441c6e7108564535b9e03b8f3948 is-style-text-annotation--1\"><a href=\"http:\/\/opencistern.com\/de\/get_started\/\" data-type=\"page\" data-id=\"62\">Los geht\u00b4s<\/a><\/p>\n\n\n\n<p><\/p>","protected":false},"excerpt":{"rendered":"<p>Do you have a water cistern that is connected to your domestic water supply or is only used for watering the garden? Then you are probably interested in the water level without having to lift the heavy lid of the cistern every time. Here is the solution OpenCistern checks the level of your cistern using [&hellip;]<\/p>\n","protected":false},"author":1,"featured_media":9,"parent":0,"menu_order":0,"comment_status":"closed","ping_status":"closed","template":"","meta":{"footnotes":""},"class_list":["post-2","page","type-page","status-publish","has-post-thumbnail","hentry"],"_links":{"self":[{"href":"https:\/\/opencistern.com\/de\/wp-json\/wp\/v2\/pages\/2","targetHints":{"allow":["GET"]}}],"collection":[{"href":"https:\/\/opencistern.com\/de\/wp-json\/wp\/v2\/pages"}],"about":[{"href":"https:\/\/opencistern.com\/de\/wp-json\/wp\/v2\/types\/page"}],"author":[{"embeddable":true,"href":"https:\/\/opencistern.com\/de\/wp-json\/wp\/v2\/users\/1"}],"replies":[{"embeddable":true,"href":"https:\/\/opencistern.com\/de\/wp-json\/wp\/v2\/comments?post=2"}],"version-history":[{"count":15,"href":"https:\/\/opencistern.com\/de\/wp-json\/wp\/v2\/pages\/2\/revisions"}],"predecessor-version":[{"id":159,"href":"https:\/\/opencistern.com\/de\/wp-json\/wp\/v2\/pages\/2\/revisions\/159"}],"wp:featuredmedia":[{"embeddable":true,"href":"https:\/\/opencistern.com\/de\/wp-json\/wp\/v2\/media\/9"}],"wp:attachment":[{"href":"https:\/\/opencistern.com\/de\/wp-json\/wp\/v2\/media?parent=2"}],"curies":[{"name":"wp","href":"https:\/\/api.w.org\/{rel}","templated":true}]}}