{"id":39,"date":"2025-01-02T11:35:12","date_gmt":"2025-01-02T11:35:12","guid":{"rendered":"http:\/\/opencistern.com\/?page_id=39"},"modified":"2025-01-02T16:00:36","modified_gmt":"2025-01-02T16:00:36","slug":"wiring","status":"publish","type":"page","link":"https:\/\/opencistern.com\/de\/wiring\/","title":{"rendered":"Verkabelung"},"content":{"rendered":"<figure class=\"wp-block-image size-large\"><img loading=\"lazy\" decoding=\"async\" width=\"1024\" height=\"673\" src=\"http:\/\/opencistern.com\/wp-content\/uploads\/2025\/01\/wiring-1024x673.webp\" alt=\"\" class=\"wp-image-41\" srcset=\"https:\/\/opencistern.com\/wp-content\/uploads\/2025\/01\/wiring-1024x673.webp 1024w, https:\/\/opencistern.com\/wp-content\/uploads\/2025\/01\/wiring-300x197.webp 300w, https:\/\/opencistern.com\/wp-content\/uploads\/2025\/01\/wiring-768x504.webp 768w, https:\/\/opencistern.com\/wp-content\/uploads\/2025\/01\/wiring-1536x1009.webp 1536w, https:\/\/opencistern.com\/wp-content\/uploads\/2025\/01\/wiring.webp 1827w\" sizes=\"auto, (max-width: 1024px) 100vw, 1024px\" \/><\/figure>\n\n\n\n<p>In der Abbildung sind alle m\u00f6glichen Peripherieger\u00e4te dargestellt. Es muss jedoch mindestens einer der unterst\u00fctzten Abstandssensoren angeschlossen sein. Der Rest ist optional.<\/p>\n\n\n\n<p>Auf dem Bild wurde ein Nodemcu verwendet. Es funktioniert aber auch mit anderen ESP8266-kompatiblen Boards wie dem Wemos D1 mini.<\/p>\n\n\n\n<p>Die ToF-Sensoren (Time of Flight) werden alternativ zum Ultraschallsensor auch an D1\/D2 angeschlossen. Ein m\u00f6gliches Relais f\u00fcr einen schaltbaren Ausgang muss an D4 angeschlossen werden.<\/p>\n\n\n\n<p><\/p>","protected":false},"excerpt":{"rendered":"<p>All possible peripheral devices are shown in the picture. However, at least one of the supported distance sensors must be connected. The rest is optional. A nodemcu was used in the picture. But it also works with other ESP8266 compatible boards like the Wemos D1 mini. The ToF sensors are also connected to D1\/D2 as [&hellip;]<\/p>\n","protected":false},"author":1,"featured_media":0,"parent":0,"menu_order":0,"comment_status":"closed","ping_status":"closed","template":"","meta":{"footnotes":""},"class_list":["post-39","page","type-page","status-publish","hentry"],"_links":{"self":[{"href":"https:\/\/opencistern.com\/de\/wp-json\/wp\/v2\/pages\/39","targetHints":{"allow":["GET"]}}],"collection":[{"href":"https:\/\/opencistern.com\/de\/wp-json\/wp\/v2\/pages"}],"about":[{"href":"https:\/\/opencistern.com\/de\/wp-json\/wp\/v2\/types\/page"}],"author":[{"embeddable":true,"href":"https:\/\/opencistern.com\/de\/wp-json\/wp\/v2\/users\/1"}],"replies":[{"embeddable":true,"href":"https:\/\/opencistern.com\/de\/wp-json\/wp\/v2\/comments?post=39"}],"version-history":[{"count":2,"href":"https:\/\/opencistern.com\/de\/wp-json\/wp\/v2\/pages\/39\/revisions"}],"predecessor-version":[{"id":235,"href":"https:\/\/opencistern.com\/de\/wp-json\/wp\/v2\/pages\/39\/revisions\/235"}],"wp:attachment":[{"href":"https:\/\/opencistern.com\/de\/wp-json\/wp\/v2\/media?parent=39"}],"curies":[{"name":"wp","href":"https:\/\/api.w.org\/{rel}","templated":true}]}}